{"id":2654,"date":"2024-11-29T21:29:50","date_gmt":"2024-11-29T18:29:50","guid":{"rendered":"https:\/\/rbcouture.com\/?post_type=product&#038;p=2654"},"modified":"2024-11-30T04:03:46","modified_gmt":"2024-11-30T01:03:46","slug":"gomlek4","status":"publish","type":"product","link":"https:\/\/rbcouture.com\/index.php\/urun\/gomlek4\/","title":{"rendered":"Lacivert \u00e7izgi desenli\u00a0g\u00f6mlek"},"content":{"rendered":"<p>Manken Bilgileri<\/p>\n<p>Boy:176 Kilo:66 Kulland\u0131\u011f\u0131 Beden: 46<\/p>\n<p>Teslimat<\/p>\n<p>Tahmini teslim s\u00fcremiz, bulundu\u011funuz adrese g\u00f6re<br \/>\n2-4 i\u015f g\u00fcn\u00fc aras\u0131nda de\u011fi\u015fkenlik g\u00f6sterecektir.<\/p>\n<p>\u00dcr\u00fcn Foto\u011fraflar\u0131<\/p>\n<p>\u00dcr\u00fcnlerimizin foto\u011fraf \u00e7ekimleri firmam\u0131z taraf\u0131ndan<br \/>\nyap\u0131lmaktad\u0131r. \u00dcr\u00fcnlerin ger\u00e7ek rengi web sitesinden<br \/>\ng\u00f6sterilen renklerden azda olsa farkl\u0131l\u0131k g\u00f6sterebilir.<br \/>\nBu durum ekran , monit\u00f6r veya \u0131\u015f\u0131k parlakl\u0131\u011f\u0131 ayarlar\u0131<br \/>\ngibi bir \u00e7ok sebeplerden kaynaklanabilir.<\/p>\n<p>\u00dcr\u00fcn Detay\u0131<br \/>\nMen\u015fei : T\u00fcrkiye<br \/>\nKol Bilgisi : Uzun<br \/>\nKal\u0131p Bilgisi : Slim-Fit<br \/>\nYaka Tipi : G\u00f6mlek<br \/>\nCep Bilgisi : Cepsiz<br \/>\nModel\u00a0Kodu\u00a0:\u00a0SATEN<\/p>\n","protected":false},"excerpt":{"rendered":"<p>Lacivert \u00e7izgi desen desenli\u00a0g\u00f6mlek<\/p>\n","protected":false},"featured_media":2502,"comment_status":"open","ping_status":"closed","template":"","meta":{"om_disable_all_campaigns":false,"_monsterinsights_skip_tracking":false,"_monsterinsights_sitenote_active":false,"_monsterinsights_sitenote_note":"","_monsterinsights_sitenote_category":0},"product_brand":[],"product_cat":[38],"product_tag":[40],"class_list":{"0":"post-2654","1":"product","2":"type-product","3":"status-publish","4":"has-post-thumbnail","6":"product_cat-gomlek","7":"product_tag-gomlek","9":"first","10":"instock","11":"sold-individually","12":"shipping-taxable","13":"purchasable","14":"product-type-variable"},"aioseo_notices":[],"yoast_head":"<!-- This site is optimized with the Yoast SEO Premium plugin v23.9 (Yoast SEO v26.1.1) - https:\/\/yoast.com\/wordpress\/plugins\/seo\/ -->\n<title>Lacivert \u00e7izgi desenli\u00a0g\u00f6mlek - Rb Couture<\/title>\n<meta name=\"robots\" content=\"index, follow, max-snippet:-1, max-image-preview:large, max-video-preview:-1\" \/>\n<link rel=\"canonical\" href=\"https:\/\/rbcouture.com\/index.php\/urun\/gomlek4\/\" \/>\n<meta property=\"og:locale\" content=\"tr_TR\" \/>\n<meta property=\"og:type\" content=\"article\" \/>\n<meta property=\"og:title\" content=\"Lacivert \u00e7izgi desenli\u00a0g\u00f6mlek\" \/>\n<meta property=\"og:description\" content=\"Lacivert \u00e7izgi desen desenli\u00a0g\u00f6mlek\" \/>\n<meta property=\"og:url\" content=\"https:\/\/rbcouture.com\/index.php\/urun\/gomlek4\/\" \/>\n<meta property=\"og:site_name\" content=\"Rb Couture\" \/>\n<meta property=\"article:modified_time\" content=\"2024-11-30T01:03:46+00:00\" \/>\n<meta property=\"og:image\" content=\"https:\/\/rbcouture.com\/wp-content\/uploads\/2024\/11\/WhatsApp-Image-2024-11-29-at-03.17.39-2.jpeg\" \/>\n\t<meta property=\"og:image:width\" content=\"540\" \/>\n\t<meta property=\"og:image:height\" content=\"675\" \/>\n\t<meta property=\"og:image:type\" content=\"image\/jpeg\" \/>\n<meta name=\"twitter:card\" content=\"summary_large_image\" \/>\n<script type=\"application\/ld+json\" class=\"yoast-schema-graph\">{\"@context\":\"https:\/\/schema.org\",\"@graph\":[{\"@type\":\"WebPage\",\"@id\":\"https:\/\/rbcouture.com\/index.php\/urun\/gomlek4\/\",\"url\":\"https:\/\/rbcouture.com\/index.php\/urun\/gomlek4\/\",\"name\":\"Lacivert \u00e7izgi desenli\u00a0g\u00f6mlek - Rb Couture\",\"isPartOf\":{\"@id\":\"https:\/\/rbcouture.com\/#website\"},\"primaryImageOfPage\":{\"@id\":\"https:\/\/rbcouture.com\/index.php\/urun\/gomlek4\/#primaryimage\"},\"image\":{\"@id\":\"https:\/\/rbcouture.com\/index.php\/urun\/gomlek4\/#primaryimage\"},\"thumbnailUrl\":\"https:\/\/rbcouture.com\/wp-content\/uploads\/2024\/11\/WhatsApp-Image-2024-11-29-at-03.17.39-2.jpeg\",\"datePublished\":\"2024-11-29T18:29:50+00:00\",\"dateModified\":\"2024-11-30T01:03:46+00:00\",\"breadcrumb\":{\"@id\":\"https:\/\/rbcouture.com\/index.php\/urun\/gomlek4\/#breadcrumb\"},\"inLanguage\":\"tr\",\"potentialAction\":[{\"@type\":\"ReadAction\",\"target\":[\"https:\/\/rbcouture.com\/index.php\/urun\/gomlek4\/\"]}]},{\"@type\":\"ImageObject\",\"inLanguage\":\"tr\",\"@id\":\"https:\/\/rbcouture.com\/index.php\/urun\/gomlek4\/#primaryimage\",\"url\":\"https:\/\/rbcouture.com\/wp-content\/uploads\/2024\/11\/WhatsApp-Image-2024-11-29-at-03.17.39-2.jpeg\",\"contentUrl\":\"https:\/\/rbcouture.com\/wp-content\/uploads\/2024\/11\/WhatsApp-Image-2024-11-29-at-03.17.39-2.jpeg\",\"width\":540,\"height\":675},{\"@type\":\"BreadcrumbList\",\"@id\":\"https:\/\/rbcouture.com\/index.php\/urun\/gomlek4\/#breadcrumb\",\"itemListElement\":[{\"@type\":\"ListItem\",\"position\":1,\"name\":\"Home\",\"item\":\"https:\/\/rbcouture.com\/\"},{\"@type\":\"ListItem\",\"position\":2,\"name\":\"Shop\",\"item\":\"https:\/\/rbcouture.com\/index.php\/shop\/\"},{\"@type\":\"ListItem\",\"position\":3,\"name\":\"Lacivert \u00e7izgi desenli\u00a0g\u00f6mlek\"}]},{\"@type\":\"WebSite\",\"@id\":\"https:\/\/rbcouture.com\/#website\",\"url\":\"https:\/\/rbcouture.com\/\",\"name\":\"Rb Couture\",\"description\":\"Gelinlik damatl\u0131k sat\u0131n alma ve kiralama\",\"publisher\":{\"@id\":\"https:\/\/rbcouture.com\/#organization\"},\"potentialAction\":[{\"@type\":\"SearchAction\",\"target\":{\"@type\":\"EntryPoint\",\"urlTemplate\":\"https:\/\/rbcouture.com\/?s={search_term_string}\"},\"query-input\":{\"@type\":\"PropertyValueSpecification\",\"valueRequired\":true,\"valueName\":\"search_term_string\"}}],\"inLanguage\":\"tr\"},{\"@type\":\"Organization\",\"@id\":\"https:\/\/rbcouture.com\/#organization\",\"name\":\"Rb Couture\",\"url\":\"https:\/\/rbcouture.com\/\",\"logo\":{\"@type\":\"ImageObject\",\"inLanguage\":\"tr\",\"@id\":\"https:\/\/rbcouture.com\/#\/schema\/logo\/image\/\",\"url\":\"https:\/\/rbcouture.com\/wp-content\/uploads\/2024\/11\/cropped-WhatsApp-Image-2024-11-26-at-16.39.01.png\",\"contentUrl\":\"https:\/\/rbcouture.com\/wp-content\/uploads\/2024\/11\/cropped-WhatsApp-Image-2024-11-26-at-16.39.01.png\",\"width\":512,\"height\":512,\"caption\":\"Rb Couture\"},\"image\":{\"@id\":\"https:\/\/rbcouture.com\/#\/schema\/logo\/image\/\"},\"sameAs\":[\"https:\/\/www.instagram.com\/r.b__couture\"],\"description\":\"Gelinlik damatl\u0131k geleneksel k\u0131yafet sat\u0131n alma ve kiralama\",\"email\":\"info@rbcouture.com\",\"legalName\":\"Rb Couture\"}]}<\/script>\n<!-- \/ Yoast SEO Premium plugin. -->","yoast_head_json":{"title":"Lacivert \u00e7izgi desenli\u00a0g\u00f6mlek - Rb Couture","robots":{"index":"index","follow":"follow","max-snippet":"max-snippet:-1","max-image-preview":"max-image-preview:large","max-video-preview":"max-video-preview:-1"},"canonical":"https:\/\/rbcouture.com\/index.php\/urun\/gomlek4\/","og_locale":"tr_TR","og_type":"article","og_title":"Lacivert \u00e7izgi desenli\u00a0g\u00f6mlek","og_description":"Lacivert \u00e7izgi desen desenli\u00a0g\u00f6mlek","og_url":"https:\/\/rbcouture.com\/index.php\/urun\/gomlek4\/","og_site_name":"Rb Couture","article_modified_time":"2024-11-30T01:03:46+00:00","og_image":[{"width":540,"height":675,"url":"https:\/\/rbcouture.com\/wp-content\/uploads\/2024\/11\/WhatsApp-Image-2024-11-29-at-03.17.39-2.jpeg","type":"image\/jpeg"}],"twitter_card":"summary_large_image","schema":{"@context":"https:\/\/schema.org","@graph":[{"@type":"WebPage","@id":"https:\/\/rbcouture.com\/index.php\/urun\/gomlek4\/","url":"https:\/\/rbcouture.com\/index.php\/urun\/gomlek4\/","name":"Lacivert \u00e7izgi desenli\u00a0g\u00f6mlek - Rb Couture","isPartOf":{"@id":"https:\/\/rbcouture.com\/#website"},"primaryImageOfPage":{"@id":"https:\/\/rbcouture.com\/index.php\/urun\/gomlek4\/#primaryimage"},"image":{"@id":"https:\/\/rbcouture.com\/index.php\/urun\/gomlek4\/#primaryimage"},"thumbnailUrl":"https:\/\/rbcouture.com\/wp-content\/uploads\/2024\/11\/WhatsApp-Image-2024-11-29-at-03.17.39-2.jpeg","datePublished":"2024-11-29T18:29:50+00:00","dateModified":"2024-11-30T01:03:46+00:00","breadcrumb":{"@id":"https:\/\/rbcouture.com\/index.php\/urun\/gomlek4\/#breadcrumb"},"inLanguage":"tr","potentialAction":[{"@type":"ReadAction","target":["https:\/\/rbcouture.com\/index.php\/urun\/gomlek4\/"]}]},{"@type":"ImageObject","inLanguage":"tr","@id":"https:\/\/rbcouture.com\/index.php\/urun\/gomlek4\/#primaryimage","url":"https:\/\/rbcouture.com\/wp-content\/uploads\/2024\/11\/WhatsApp-Image-2024-11-29-at-03.17.39-2.jpeg","contentUrl":"https:\/\/rbcouture.com\/wp-content\/uploads\/2024\/11\/WhatsApp-Image-2024-11-29-at-03.17.39-2.jpeg","width":540,"height":675},{"@type":"BreadcrumbList","@id":"https:\/\/rbcouture.com\/index.php\/urun\/gomlek4\/#breadcrumb","itemListElement":[{"@type":"ListItem","position":1,"name":"Home","item":"https:\/\/rbcouture.com\/"},{"@type":"ListItem","position":2,"name":"Shop","item":"https:\/\/rbcouture.com\/index.php\/shop\/"},{"@type":"ListItem","position":3,"name":"Lacivert \u00e7izgi desenli\u00a0g\u00f6mlek"}]},{"@type":"WebSite","@id":"https:\/\/rbcouture.com\/#website","url":"https:\/\/rbcouture.com\/","name":"Rb Couture","description":"Gelinlik damatl\u0131k sat\u0131n alma ve kiralama","publisher":{"@id":"https:\/\/rbcouture.com\/#organization"},"potentialAction":[{"@type":"SearchAction","target":{"@type":"EntryPoint","urlTemplate":"https:\/\/rbcouture.com\/?s={search_term_string}"},"query-input":{"@type":"PropertyValueSpecification","valueRequired":true,"valueName":"search_term_string"}}],"inLanguage":"tr"},{"@type":"Organization","@id":"https:\/\/rbcouture.com\/#organization","name":"Rb Couture","url":"https:\/\/rbcouture.com\/","logo":{"@type":"ImageObject","inLanguage":"tr","@id":"https:\/\/rbcouture.com\/#\/schema\/logo\/image\/","url":"https:\/\/rbcouture.com\/wp-content\/uploads\/2024\/11\/cropped-WhatsApp-Image-2024-11-26-at-16.39.01.png","contentUrl":"https:\/\/rbcouture.com\/wp-content\/uploads\/2024\/11\/cropped-WhatsApp-Image-2024-11-26-at-16.39.01.png","width":512,"height":512,"caption":"Rb Couture"},"image":{"@id":"https:\/\/rbcouture.com\/#\/schema\/logo\/image\/"},"sameAs":["https:\/\/www.instagram.com\/r.b__couture"],"description":"Gelinlik damatl\u0131k geleneksel k\u0131yafet sat\u0131n alma ve kiralama","email":"info@rbcouture.com","legalName":"Rb Couture"}]}},"_links":{"self":[{"href":"https:\/\/rbcouture.com\/index.php\/wp-json\/wp\/v2\/product\/2654","targetHints":{"allow":["GET"]}}],"collection":[{"href":"https:\/\/rbcouture.com\/index.php\/wp-json\/wp\/v2\/product"}],"about":[{"href":"https:\/\/rbcouture.com\/index.php\/wp-json\/wp\/v2\/types\/product"}],"replies":[{"embeddable":true,"href":"https:\/\/rbcouture.com\/index.php\/wp-json\/wp\/v2\/comments?post=2654"}],"wp:featuredmedia":[{"embeddable":true,"href":"https:\/\/rbcouture.com\/index.php\/wp-json\/wp\/v2\/media\/2502"}],"wp:attachment":[{"href":"https:\/\/rbcouture.com\/index.php\/wp-json\/wp\/v2\/media?parent=2654"}],"wp:term":[{"taxonomy":"product_brand","embeddable":true,"href":"https:\/\/rbcouture.com\/index.php\/wp-json\/wp\/v2\/product_brand?post=2654"},{"taxonomy":"product_cat","embeddable":true,"href":"https:\/\/rbcouture.com\/index.php\/wp-json\/wp\/v2\/product_cat?post=2654"},{"taxonomy":"product_tag","embeddable":true,"href":"https:\/\/rbcouture.com\/index.php\/wp-json\/wp\/v2\/product_tag?post=2654"}],"curies":[{"name":"wp","href":"https:\/\/api.w.org\/{rel}","templated":true}]}}