{"id":2609,"date":"2024-11-29T09:11:44","date_gmt":"2024-11-29T06:11:44","guid":{"rendered":"https:\/\/rbcouture.com\/?post_type=product&#038;p=2609"},"modified":"2024-11-30T19:06:23","modified_gmt":"2024-11-30T16:06:23","slug":"damatlik-5","status":"publish","type":"product","link":"https:\/\/rbcouture.com\/index.php\/urun\/damatlik-5\/","title":{"rendered":"Damatl\u0131k 5"},"content":{"rendered":"<p>Damatl\u0131k 5<\/p>\n","protected":false},"excerpt":{"rendered":"<p>Damatl\u0131k 5<\/p>\n","protected":false},"featured_media":2575,"comment_status":"open","ping_status":"closed","template":"","meta":{"om_disable_all_campaigns":false,"_monsterinsights_skip_tracking":false,"_monsterinsights_sitenote_active":false,"_monsterinsights_sitenote_note":"","_monsterinsights_sitenote_category":0},"product_brand":[],"product_cat":[31,50],"product_tag":[32],"class_list":{"0":"post-2609","1":"product","2":"type-product","3":"status-publish","4":"has-post-thumbnail","6":"product_cat-damatlik","7":"product_cat-damatlik-2","8":"product_tag-damatlik","10":"first","11":"instock","12":"sold-individually","13":"shipping-taxable","14":"purchasable","15":"product-type-simple"},"aioseo_notices":[],"yoast_head":"<!-- This site is optimized with the Yoast SEO Premium plugin v23.9 (Yoast SEO v26.1.1) - https:\/\/yoast.com\/wordpress\/plugins\/seo\/ -->\n<title>Damatl\u0131k 5 - Rb Couture<\/title>\n<meta name=\"robots\" content=\"index, follow, max-snippet:-1, max-image-preview:large, max-video-preview:-1\" \/>\n<link rel=\"canonical\" href=\"https:\/\/rbcouture.com\/index.php\/urun\/damatlik-5\/\" \/>\n<meta property=\"og:locale\" content=\"tr_TR\" \/>\n<meta property=\"og:type\" content=\"article\" \/>\n<meta property=\"og:title\" content=\"Damatl\u0131k 5\" \/>\n<meta property=\"og:description\" content=\"Damatl\u0131k 5\" \/>\n<meta property=\"og:url\" content=\"https:\/\/rbcouture.com\/index.php\/urun\/damatlik-5\/\" \/>\n<meta property=\"og:site_name\" content=\"Rb Couture\" \/>\n<meta property=\"article:modified_time\" content=\"2024-11-30T16:06:23+00:00\" \/>\n<meta property=\"og:image\" content=\"https:\/\/rbcouture.com\/wp-content\/uploads\/2024\/11\/WhatsApp-Image-2024-11-29-at-07.10.50-19.jpeg\" \/>\n\t<meta property=\"og:image:width\" content=\"918\" \/>\n\t<meta property=\"og:image:height\" content=\"1600\" \/>\n\t<meta property=\"og:image:type\" content=\"image\/jpeg\" \/>\n<meta name=\"twitter:card\" content=\"summary_large_image\" \/>\n<script type=\"application\/ld+json\" class=\"yoast-schema-graph\">{\"@context\":\"https:\/\/schema.org\",\"@graph\":[{\"@type\":\"WebPage\",\"@id\":\"https:\/\/rbcouture.com\/index.php\/urun\/damatlik-5\/\",\"url\":\"https:\/\/rbcouture.com\/index.php\/urun\/damatlik-5\/\",\"name\":\"Damatl\u0131k 5 - Rb Couture\",\"isPartOf\":{\"@id\":\"https:\/\/rbcouture.com\/#website\"},\"primaryImageOfPage\":{\"@id\":\"https:\/\/rbcouture.com\/index.php\/urun\/damatlik-5\/#primaryimage\"},\"image\":{\"@id\":\"https:\/\/rbcouture.com\/index.php\/urun\/damatlik-5\/#primaryimage\"},\"thumbnailUrl\":\"https:\/\/rbcouture.com\/wp-content\/uploads\/2024\/11\/WhatsApp-Image-2024-11-29-at-07.10.50-19.jpeg\",\"datePublished\":\"2024-11-29T06:11:44+00:00\",\"dateModified\":\"2024-11-30T16:06:23+00:00\",\"breadcrumb\":{\"@id\":\"https:\/\/rbcouture.com\/index.php\/urun\/damatlik-5\/#breadcrumb\"},\"inLanguage\":\"tr\",\"potentialAction\":[{\"@type\":\"ReadAction\",\"target\":[\"https:\/\/rbcouture.com\/index.php\/urun\/damatlik-5\/\"]}]},{\"@type\":\"ImageObject\",\"inLanguage\":\"tr\",\"@id\":\"https:\/\/rbcouture.com\/index.php\/urun\/damatlik-5\/#primaryimage\",\"url\":\"https:\/\/rbcouture.com\/wp-content\/uploads\/2024\/11\/WhatsApp-Image-2024-11-29-at-07.10.50-19.jpeg\",\"contentUrl\":\"https:\/\/rbcouture.com\/wp-content\/uploads\/2024\/11\/WhatsApp-Image-2024-11-29-at-07.10.50-19.jpeg\",\"width\":918,\"height\":1600},{\"@type\":\"BreadcrumbList\",\"@id\":\"https:\/\/rbcouture.com\/index.php\/urun\/damatlik-5\/#breadcrumb\",\"itemListElement\":[{\"@type\":\"ListItem\",\"position\":1,\"name\":\"Home\",\"item\":\"https:\/\/rbcouture.com\/\"},{\"@type\":\"ListItem\",\"position\":2,\"name\":\"Shop\",\"item\":\"https:\/\/rbcouture.com\/index.php\/shop\/\"},{\"@type\":\"ListItem\",\"position\":3,\"name\":\"Damatl\u0131k 5\"}]},{\"@type\":\"WebSite\",\"@id\":\"https:\/\/rbcouture.com\/#website\",\"url\":\"https:\/\/rbcouture.com\/\",\"name\":\"Rb Couture\",\"description\":\"Gelinlik damatl\u0131k sat\u0131n alma ve kiralama\",\"publisher\":{\"@id\":\"https:\/\/rbcouture.com\/#organization\"},\"potentialAction\":[{\"@type\":\"SearchAction\",\"target\":{\"@type\":\"EntryPoint\",\"urlTemplate\":\"https:\/\/rbcouture.com\/?s={search_term_string}\"},\"query-input\":{\"@type\":\"PropertyValueSpecification\",\"valueRequired\":true,\"valueName\":\"search_term_string\"}}],\"inLanguage\":\"tr\"},{\"@type\":\"Organization\",\"@id\":\"https:\/\/rbcouture.com\/#organization\",\"name\":\"Rb Couture\",\"url\":\"https:\/\/rbcouture.com\/\",\"logo\":{\"@type\":\"ImageObject\",\"inLanguage\":\"tr\",\"@id\":\"https:\/\/rbcouture.com\/#\/schema\/logo\/image\/\",\"url\":\"https:\/\/rbcouture.com\/wp-content\/uploads\/2024\/11\/cropped-WhatsApp-Image-2024-11-26-at-16.39.01.png\",\"contentUrl\":\"https:\/\/rbcouture.com\/wp-content\/uploads\/2024\/11\/cropped-WhatsApp-Image-2024-11-26-at-16.39.01.png\",\"width\":512,\"height\":512,\"caption\":\"Rb Couture\"},\"image\":{\"@id\":\"https:\/\/rbcouture.com\/#\/schema\/logo\/image\/\"},\"sameAs\":[\"https:\/\/www.instagram.com\/r.b__couture\"],\"description\":\"Gelinlik damatl\u0131k geleneksel k\u0131yafet sat\u0131n alma ve kiralama\",\"email\":\"info@rbcouture.com\",\"legalName\":\"Rb Couture\"}]}<\/script>\n<!-- \/ Yoast SEO Premium plugin. -->","yoast_head_json":{"title":"Damatl\u0131k 5 - Rb Couture","robots":{"index":"index","follow":"follow","max-snippet":"max-snippet:-1","max-image-preview":"max-image-preview:large","max-video-preview":"max-video-preview:-1"},"canonical":"https:\/\/rbcouture.com\/index.php\/urun\/damatlik-5\/","og_locale":"tr_TR","og_type":"article","og_title":"Damatl\u0131k 5","og_description":"Damatl\u0131k 5","og_url":"https:\/\/rbcouture.com\/index.php\/urun\/damatlik-5\/","og_site_name":"Rb Couture","article_modified_time":"2024-11-30T16:06:23+00:00","og_image":[{"width":918,"height":1600,"url":"https:\/\/rbcouture.com\/wp-content\/uploads\/2024\/11\/WhatsApp-Image-2024-11-29-at-07.10.50-19.jpeg","type":"image\/jpeg"}],"twitter_card":"summary_large_image","schema":{"@context":"https:\/\/schema.org","@graph":[{"@type":"WebPage","@id":"https:\/\/rbcouture.com\/index.php\/urun\/damatlik-5\/","url":"https:\/\/rbcouture.com\/index.php\/urun\/damatlik-5\/","name":"Damatl\u0131k 5 - Rb Couture","isPartOf":{"@id":"https:\/\/rbcouture.com\/#website"},"primaryImageOfPage":{"@id":"https:\/\/rbcouture.com\/index.php\/urun\/damatlik-5\/#primaryimage"},"image":{"@id":"https:\/\/rbcouture.com\/index.php\/urun\/damatlik-5\/#primaryimage"},"thumbnailUrl":"https:\/\/rbcouture.com\/wp-content\/uploads\/2024\/11\/WhatsApp-Image-2024-11-29-at-07.10.50-19.jpeg","datePublished":"2024-11-29T06:11:44+00:00","dateModified":"2024-11-30T16:06:23+00:00","breadcrumb":{"@id":"https:\/\/rbcouture.com\/index.php\/urun\/damatlik-5\/#breadcrumb"},"inLanguage":"tr","potentialAction":[{"@type":"ReadAction","target":["https:\/\/rbcouture.com\/index.php\/urun\/damatlik-5\/"]}]},{"@type":"ImageObject","inLanguage":"tr","@id":"https:\/\/rbcouture.com\/index.php\/urun\/damatlik-5\/#primaryimage","url":"https:\/\/rbcouture.com\/wp-content\/uploads\/2024\/11\/WhatsApp-Image-2024-11-29-at-07.10.50-19.jpeg","contentUrl":"https:\/\/rbcouture.com\/wp-content\/uploads\/2024\/11\/WhatsApp-Image-2024-11-29-at-07.10.50-19.jpeg","width":918,"height":1600},{"@type":"BreadcrumbList","@id":"https:\/\/rbcouture.com\/index.php\/urun\/damatlik-5\/#breadcrumb","itemListElement":[{"@type":"ListItem","position":1,"name":"Home","item":"https:\/\/rbcouture.com\/"},{"@type":"ListItem","position":2,"name":"Shop","item":"https:\/\/rbcouture.com\/index.php\/shop\/"},{"@type":"ListItem","position":3,"name":"Damatl\u0131k 5"}]},{"@type":"WebSite","@id":"https:\/\/rbcouture.com\/#website","url":"https:\/\/rbcouture.com\/","name":"Rb Couture","description":"Gelinlik damatl\u0131k sat\u0131n alma ve kiralama","publisher":{"@id":"https:\/\/rbcouture.com\/#organization"},"potentialAction":[{"@type":"SearchAction","target":{"@type":"EntryPoint","urlTemplate":"https:\/\/rbcouture.com\/?s={search_term_string}"},"query-input":{"@type":"PropertyValueSpecification","valueRequired":true,"valueName":"search_term_string"}}],"inLanguage":"tr"},{"@type":"Organization","@id":"https:\/\/rbcouture.com\/#organization","name":"Rb Couture","url":"https:\/\/rbcouture.com\/","logo":{"@type":"ImageObject","inLanguage":"tr","@id":"https:\/\/rbcouture.com\/#\/schema\/logo\/image\/","url":"https:\/\/rbcouture.com\/wp-content\/uploads\/2024\/11\/cropped-WhatsApp-Image-2024-11-26-at-16.39.01.png","contentUrl":"https:\/\/rbcouture.com\/wp-content\/uploads\/2024\/11\/cropped-WhatsApp-Image-2024-11-26-at-16.39.01.png","width":512,"height":512,"caption":"Rb Couture"},"image":{"@id":"https:\/\/rbcouture.com\/#\/schema\/logo\/image\/"},"sameAs":["https:\/\/www.instagram.com\/r.b__couture"],"description":"Gelinlik damatl\u0131k geleneksel k\u0131yafet sat\u0131n alma ve kiralama","email":"info@rbcouture.com","legalName":"Rb Couture"}]}},"_links":{"self":[{"href":"https:\/\/rbcouture.com\/index.php\/wp-json\/wp\/v2\/product\/2609","targetHints":{"allow":["GET"]}}],"collection":[{"href":"https:\/\/rbcouture.com\/index.php\/wp-json\/wp\/v2\/product"}],"about":[{"href":"https:\/\/rbcouture.com\/index.php\/wp-json\/wp\/v2\/types\/product"}],"replies":[{"embeddable":true,"href":"https:\/\/rbcouture.com\/index.php\/wp-json\/wp\/v2\/comments?post=2609"}],"wp:featuredmedia":[{"embeddable":true,"href":"https:\/\/rbcouture.com\/index.php\/wp-json\/wp\/v2\/media\/2575"}],"wp:attachment":[{"href":"https:\/\/rbcouture.com\/index.php\/wp-json\/wp\/v2\/media?parent=2609"}],"wp:term":[{"taxonomy":"product_brand","embeddable":true,"href":"https:\/\/rbcouture.com\/index.php\/wp-json\/wp\/v2\/product_brand?post=2609"},{"taxonomy":"product_cat","embeddable":true,"href":"https:\/\/rbcouture.com\/index.php\/wp-json\/wp\/v2\/product_cat?post=2609"},{"taxonomy":"product_tag","embeddable":true,"href":"https:\/\/rbcouture.com\/index.php\/wp-json\/wp\/v2\/product_tag?post=2609"}],"curies":[{"name":"wp","href":"https:\/\/api.w.org\/{rel}","templated":true}]}}